{"id":2,"date":"2024-05-22T12:37:57","date_gmt":"2024-05-22T12:37:57","guid":{"rendered":"http:\/\/elektroserwis.pl\/?page_id=2"},"modified":"2024-06-25T09:23:15","modified_gmt":"2024-06-25T09:23:15","slug":"serwis","status":"publish","type":"page","link":"https:\/\/elektroserwis.pl\/index.php\/serwis\/","title":{"rendered":"Serwis"},"content":{"rendered":"\n<p>Elektro Serwis Sp. z o.o. \u015bwiadczy us\u0142ugi w zakresie napraw elektronarz\u0119dzi    i narz\u0119dzi pneumatycznych renomowanych firm:\u00a0<strong>BOSCH, MAKITA, FEIN, FESTO, ATLAS COPCO, GESIPA<\/strong>\u00a0i innych.<\/p>\n\n\n\n<p>Nasz serwis jako jedyny posiada do\u015bwiadczenie i wypracowane metody, w zakresie przeprowadzania dopuszczenia elektronarz\u0119dzi pod wzgl\u0119dem bezpiecze\u0144stwa, zgodnie z polskim prawem energetycznym (PN-88\/E-08400\/10)<\/p>\n\n\n\n<p>Przeprowadzamy;<\/p>\n\n\n\n<p>\u2013&nbsp;<strong>serwis<\/strong>; wycen\u0119 i napraw\u0119 elektronarz\u0119dzi i narz\u0119dzi pneumatycznych<\/p>\n\n\n\n<p>\u2013&nbsp;<strong>sprzeda\u017c<\/strong>&nbsp;oryginalnych cz\u0119\u015bci zamiennych<\/p>\n\n\n\n<p>\u2013&nbsp;<strong>badania<\/strong>&nbsp;kontrolno-pomiarowe elektronarz\u0119dzi<\/p>\n\n\n\n<p>\u2013 prowadzenie\u00a0<strong>ewidencji<\/strong>\u00a0elektronarz\u0119dzi zgodne z polskimi normami<\/p>\n\n\n\n<hr class=\"wp-block-separator has-alpha-channel-opacity\"\/>\n\n\n\n<p>telefon:\u00a0<strong>600 307 807<\/strong><\/p>\n\n\n\n<p>e-mail: serwis@elektroserwis.pl<\/p>\n\n\n\n<div class=\"wp-block-columns is-layout-flex wp-container-core-columns-is-layout-1 wp-block-columns-is-layout-flex\">\n<div class=\"wp-block-column is-layout-flow wp-block-column-is-layout-flow\" style=\"flex-basis:100%\">\n<figure class=\"wp-block-gallery has-nested-images columns-default is-cropped wp-block-gallery-3 is-layout-flex wp-block-gallery-is-layout-flex\">\n<figure class=\"wp-block-image is-style-rounded is-style-rounded--1\"><img decoding=\"async\" src=\"https:\/\/web.archive.org\/web\/20220112034658im_\/http:\/\/elektroserwis.pl\/wp-content\/uploads\/2017\/04\/serwis-1.jpg\" alt=\"\"\/><\/figure>\n\n\n\n<figure class=\"wp-block-image is-style-rounded is-style-rounded--2\"><img decoding=\"async\" src=\"https:\/\/web.archive.org\/web\/20220112034658im_\/http:\/\/elektroserwis.pl\/wp-content\/uploads\/2017\/04\/serwis-22.jpg\" alt=\"\"\/><\/figure>\n<\/figure>\n<\/div>\n<\/div>\n\n\n\n<figure class=\"wp-block-gallery has-nested-images columns-default is-cropped wp-block-gallery-6 is-layout-flex wp-block-gallery-is-layout-flex\">\n<figure class=\"wp-block-image is-style-rounded is-style-rounded--4\"><img decoding=\"async\" src=\"https:\/\/web.archive.org\/web\/20220112034658im_\/http:\/\/elektroserwis.pl\/wp-content\/uploads\/2017\/04\/serwis-3.jpg\" alt=\"\"\/><\/figure>\n\n\n\n<figure class=\"wp-block-image is-style-rounded is-style-rounded--5\"><img decoding=\"async\" src=\"https:\/\/web.archive.org\/web\/20220112034658im_\/http:\/\/elektroserwis.pl\/wp-content\/uploads\/2017\/04\/serwis-4.jpg\" alt=\"\"\/><\/figure>\n<\/figure>\n","protected":false},"excerpt":{"rendered":"<p>Elektro Serwis Sp. z o.o. \u015bwiadczy us\u0142ugi w zakresie napraw elektronarz\u0119dzi i narz\u0119dzi pneumatycznych renomowanych firm:\u00a0BOSCH, MAKITA, FEIN, FESTO, ATLAS COPCO, GESIPA\u00a0i innych. Nasz serwis jako jedyny posiada do\u015bwiadczenie i wypracowane metody, w zakresie przeprowadzania dopuszczenia elektronarz\u0119dzi pod wzgl\u0119dem bezpiecze\u0144stwa, zgodnie z polskim prawem energetycznym (PN-88\/E-08400\/10) Przeprowadzamy; \u2013&nbsp;serwis; wycen\u0119 i napraw\u0119 elektronarz\u0119dzi i narz\u0119dzi pneumatycznych [&hellip;]<\/p>\n","protected":false},"author":1,"featured_media":0,"parent":0,"menu_order":0,"comment_status":"closed","ping_status":"open","template":"","meta":{"footnotes":""},"class_list":["post-2","page","type-page","status-publish","hentry"],"_links":{"self":[{"href":"https:\/\/elektroserwis.pl\/index.php\/wp-json\/wp\/v2\/pages\/2","targetHints":{"allow":["GET"]}}],"collection":[{"href":"https:\/\/elektroserwis.pl\/index.php\/wp-json\/wp\/v2\/pages"}],"about":[{"href":"https:\/\/elektroserwis.pl\/index.php\/wp-json\/wp\/v2\/types\/page"}],"author":[{"embeddable":true,"href":"https:\/\/elektroserwis.pl\/index.php\/wp-json\/wp\/v2\/users\/1"}],"replies":[{"embeddable":true,"href":"https:\/\/elektroserwis.pl\/index.php\/wp-json\/wp\/v2\/comments?post=2"}],"version-history":[{"count":1,"href":"https:\/\/elektroserwis.pl\/index.php\/wp-json\/wp\/v2\/pages\/2\/revisions"}],"predecessor-version":[{"id":12,"href":"https:\/\/elektroserwis.pl\/index.php\/wp-json\/wp\/v2\/pages\/2\/revisions\/12"}],"wp:attachment":[{"href":"https:\/\/elektroserwis.pl\/index.php\/wp-json\/wp\/v2\/media?parent=2"}],"curies":[{"name":"wp","href":"https:\/\/api.w.org\/{rel}","templated":true}]}}